{"id":1972,"date":"2023-12-21T18:04:44","date_gmt":"2023-12-21T18:04:44","guid":{"rendered":"https:\/\/www.muzacz.com\/?page_id=1972"},"modified":"2025-05-10T12:28:57","modified_gmt":"2025-05-10T12:28:57","slug":"1972-2","status":"publish","type":"page","link":"https:\/\/www.muzacz.com\/index.php\/1972-2\/","title":{"rendered":"+"},"content":{"rendered":"\n<p style=\"font-size:10px\">CREDITS:<\/p>\n\n\n\n<p style=\"font-size:10px\">OBSERVATION TOWER IN THE ROZTOCZE NATIONAL PARK 1. PRIZE | OPEN COMPETITION | COMPETITION TEAM: MU\u017bACZ \u0141UKASZ &amp; KRZYSZTOF MAKOWSKI<\/p>\n\n\n\n<p style=\"font-size:10px\">HOCKEY HALL IN O\u015aWI\u0118CIM 2. PRIZE | OPEN COMPETITION | COMPETITION TEAM: MU\u017bACZ \u0141UKASZ &amp; KRZYSZTOF MAKOWSKI<\/p>\n\n\n\n<p style=\"font-size:10px\">DEPARTMENT OF ART HISTORY AT ADAM MICKIEWICZ UNIVERSITY IN POZNA\u0143 |OPEN COMPETITION | COMPETITION TEAM: MU\u017bACZ \u0141UKASZ &amp; KRZYSZTOF MAKOWSKI<\/p>\n\n\n\n<p style=\"font-size:10px\">EXHIBITION FOR BATTLE OF WARSAW 4. PRIZE | OPEN COMPETITION | COMPETITION TEAM: MU\u017bACZ \u0141UKASZ<\/p>\n\n\n\n<p style=\"font-size:10px\">NATIONAL DIGITAL ARCHIVE IN WARSAW 4. PRIZE | OPEN COMPETITION | COMPETITION TEAM: MU\u017bACZ \u0141UKASZ &amp; MAKOWSKI KRZYSZTOF &amp; MAKOWSKA RENATA<\/p>\n\n\n\n<p style=\"font-size:10px\">MULTIFUNCTIONAL SPORTS HALL IN MIECH\u00d3W 1. PRIZE | OPEN COMPETITION | COMPETITION TEAM: MU\u017bACZ \u0141UKASZ &amp; MAKOWSKI KRZYSZTOF &amp; MAKOWSKA RENATA<\/p>\n\n\n\n<p style=\"font-size:10px\">SCHOOL OF AGRICULTURE IN \u015aWIDWIN OPEN COMPETITION | COMPETITION TEAM: MU\u017bACZ \u0141UKASZ &amp; MAKOWSKI KRZYSZTOF &amp; MAKOWSKA RENATA<\/p>\n\n\n\n<p style=\"font-size:10px\">CULTURAL CENTER AND SOCIAL SERVICES CENTER IN SIEMIANICE 2. PRIZE | OPEN COMPETITION | COMPETITION TEAM: MAKOWSKA RENATA &amp; MAKOWSKI DARIUSZ &amp; MAKOWSKI KRZYSZTOF &amp; MU\u017bACZ \u0141UKASZ<\/p>\n\n\n\n<p style=\"font-size:10px\">BRCCH BASEL OPEN COMPETITION | COMPETITION TEAM: OLBER SZYMON &amp; MU\u017bACZ \u0141UKASZ<\/p>\n\n\n\n<p style=\"font-size:10px\">CITY COUNCIL LODZ OPEN COMPETITION | COMPETITION TEAM: MU\u017bACZ \u0141UKASZ<\/p>\n\n\n\n<p style=\"font-size:10px\">WESTERPLATTE CEMETERY OPEN COMPETITION | COMPETITION TEAM: ANNA GWIAZDA &amp; MU\u017bACZ \u0141UKASZ<\/p>\n\n\n\n<p style=\"font-size:10px\">KUNSTMUSEUM ST GALLEN OPEN COMPETITION | COMPETITION TEAM: MU\u017bACZ \u0141UKASZ<\/p>\n\n\n\n<p style=\"font-size:10px\">ONCOLOGICAL HOSPITAL GLIWICE 5. PRIZE | OPEN COMPETITION | COMPETITION TEAM: MAKOWSKA RENATA &amp; MAKOWSKI DARIUSZ &amp; MAKOWSKI KRZYSZTOF &amp; MU\u017bACZ \u0141UKASZ &amp; WOJTASIK JACEK<\/p>\n\n\n\n<p style=\"font-size:10px\">MUSEUM OF EASTERN BORDERLANDS LUBLIN 5. PRIZE | OPEN COMPETITION | COMPETITION TEAM: ERNEST BABYN &amp; MU\u017bACZ \u0141UKASZ<\/p>\n\n\n\n<p style=\"font-size:10px\">DREIFACHTURNHALLE DAVOS OPEN COMPETITION | COMPETITION TEAM: MU\u017bACZ \u0141UKASZ<\/p>\n\n\n\n<p style=\"font-size:10px\">WERKHOF BIRMENSDORF OPEN COMPETITION | COMPETITION TEAM: MU\u017bACZ \u0141UKASZ<\/p>\n\n\n\n<p style=\"font-size:10px\">HEMPCRETE HOUSE WARSAW DIRECT COMMISION | DESIGN TEAM: MU\u017bACZ \u0141UKASZ<\/p>\n\n\n\n<h2 class=\"wp-block-heading\"><\/h2>\n","protected":false},"excerpt":{"rendered":"<p>CREDITS: OBSERVATION TOWER IN THE ROZTOCZE NATIONAL PARK 1. PRIZE | OPEN COMPETITION | COMPETITION TEAM: MU\u017bACZ \u0141UKASZ &amp; KRZYSZTOF [&hellip;]<\/p>\n","protected":false},"author":1,"featured_media":0,"parent":0,"menu_order":0,"comment_status":"closed","ping_status":"closed","template":"","meta":{"footnotes":""},"class_list":["post-1972","page","type-page","status-publish","hentry"],"jetpack-related-posts":[],"jetpack_sharing_enabled":true,"amp_enabled":true,"_links":{"self":[{"href":"https:\/\/www.muzacz.com\/index.php\/wp-json\/wp\/v2\/pages\/1972","targetHints":{"allow":["GET"]}}],"collection":[{"href":"https:\/\/www.muzacz.com\/index.php\/wp-json\/wp\/v2\/pages"}],"about":[{"href":"https:\/\/www.muzacz.com\/index.php\/wp-json\/wp\/v2\/types\/page"}],"author":[{"embeddable":true,"href":"https:\/\/www.muzacz.com\/index.php\/wp-json\/wp\/v2\/users\/1"}],"replies":[{"embeddable":true,"href":"https:\/\/www.muzacz.com\/index.php\/wp-json\/wp\/v2\/comments?post=1972"}],"version-history":[{"count":13,"href":"https:\/\/www.muzacz.com\/index.php\/wp-json\/wp\/v2\/pages\/1972\/revisions"}],"predecessor-version":[{"id":2090,"href":"https:\/\/www.muzacz.com\/index.php\/wp-json\/wp\/v2\/pages\/1972\/revisions\/2090"}],"wp:attachment":[{"href":"https:\/\/www.muzacz.com\/index.php\/wp-json\/wp\/v2\/media?parent=1972"}],"curies":[{"name":"wp","href":"https:\/\/api.w.org\/{rel}","templated":true}]}}